{"id":13,"date":"2021-04-21T14:51:04","date_gmt":"2021-04-21T12:51:04","guid":{"rendered":"http:\/\/localhost:8888\/Agence%20Immo\/?page_id=13"},"modified":"2026-01-16T15:29:12","modified_gmt":"2026-01-16T14:29:12","slug":"tarifs-et-reservation","status":"publish","type":"page","link":"https:\/\/www.casacoquelicot.eu\/index.php\/tarifs-et-reservation\/","title":{"rendered":"Tarifs &#038; R\u00e9servation"},"content":{"rendered":"\n<div class=\"wp-block-columns\">\n<div class=\"wp-block-column\" style=\"flex-basis:100%\">\n<div class=\"wp-block-group\"><div class=\"wp-block-group__inner-container\">\n<style>\n    p {\n       color: brown;\n       size: 2rem;\n       }\n<\/style>\n\n\n\n    <figure class=\"wp-block-table alignwide is-style-regular\"><table><tbody><tr><td class=\"has-text-align-center\" data-align=\"right\"><p><strong> P\u00e9riodes (2026)<\/strong><\/p><\/td><td><p><strong>Prix par semaine<\/strong><\/p><\/td><\/tr><tr><td class=\"has-text-align-center\" data-align=\"center\">28\/03 &#8211; 25\/04<\/td><td><strong><em>465\u20ac<\/em><\/strong><\/td><\/tr><tr><td class=\"has-text-align-center\" data-align=\"center\">25\/04 &#8211; 23\/05<\/td><td><strong><em>495\u20ac<\/em><\/strong><\/td><\/tr><tr><td class=\"has-text-align-center\" data-align=\"center\">23\/05 &#8211; 06\/06<\/td><td><strong><em>540\u20ac<\/em><\/strong><\/td><\/tr><tr><td class=\"has-text-align-center\" data-align=\"center\">06\/06 &#8211; 13\/06<\/td><td><strong><em>595\u20ac<\/em><\/strong><\/td><\/tr><tr><td class=\"has-text-align-center\" data-align=\"center\">13\/06 &#8211; 27\/06<\/td><td><strong><em>695\u20ac<\/em><\/strong><\/td><\/tr><tr><td class=\"has-text-align-center\" data-align=\"center\">27\/06 &#8211; 04\/07<\/td><td><strong><em>995\u20ac<\/em><\/strong><\/td><\/tr><tr><td class=\"has-text-align-center\" data-align=\"center\">04\/07 &#8211; 18\/07<\/td><td><strong><em>1195\u20ac<\/em><\/strong><\/td><\/tr><tr><td class=\"has-text-align-center\" data-align=\"center\">18\/07 &#8211; 15\/08<\/td><td><strong><em>1295\u20ac<\/em><\/strong><\/td><\/tr><tr><td class=\"has-text-align-center\" data-align=\"center\">15\/08 &#8211; 22\/08<\/td><td><strong><em>750\u20ac<\/em><\/strong><\/td><\/tr><tr><td class=\"has-text-align-center\" data-align=\"center\">22\/08 &#8211; 29\/08<\/td><td><strong><em>595\u20ac<\/em><\/strong><\/td><\/tr><tr><td class=\"has-text-align-center\" data-align=\"center\">29\/08 &#8211; 17\/10<\/td><td><strong><em>465\u20ac<\/em><\/strong><\/td><\/tr><tr><td class=\"has-text-align-center\" data-align=\"center\">17\/10 &#8211; 01\/11<\/td><td><strong><em>550\u20ac<\/em><\/strong><\/td><\/tr><tr><td class=\"has-text-align-center\" data-align=\"center\"><\/td><td><strong><em><\/em><\/strong><\/td><\/tr><\/tbody><\/table><\/figure>\n\n\n\n<figure class=\"wp-block-table\"><table class=\"has-subtle-light-gray-background-color has-background\"><thead><tr><th class=\"has-text-align-center\" data-align=\"center\"><strong>Services&nbsp;(\u00e0 demander \u00e0 la r\u00e9servation)<\/strong><\/th><\/tr><\/thead><tbody><tr><td class=\"has-text-align-center\" data-align=\"center\"><strong>M\u00e9nage final :&nbsp;70\u20ac<\/strong><\/td><\/tr><tr><td class=\"has-text-align-center\" data-align=\"center\"><strong>Wifi&nbsp;:<\/strong>&nbsp;<strong>GRATUIT<\/strong><\/td><\/tr><tr><td class=\"has-text-align-center\" data-align=\"center\"><strong>Kit bois de chauffage :<\/strong>\u00a0<strong>15\u20ac<\/strong>\u00a0par jour (disponible en hiver si vous utilisez le po\u00eale \u00e0 bois).<\/td><\/tr><tr><td class=\"has-text-align-center\" data-align=\"center\"><strong><u>Non inclus:<\/u><\/strong>&nbsp;Caution&nbsp;<strong>200\u20ac.<\/strong>&nbsp;Frais de m\u00e9nage si la maison n&rsquo;est pas rendue propre&nbsp;<strong>70\u20ac.<\/strong><\/td><\/tr><\/tbody><\/table><\/figure>\n<\/div><\/div>\n<\/div>\n<\/div>\n\n\n\n<h2>R\u00e9servation<\/h2>\n\n\n\n<p><strong>Pour r\u00e9server, <a href=\"https:\/\/www.casacoquelicot.eu\/index.php\/contact\/\">contactez-nous<\/a>!<\/strong><\/p>\n","protected":false},"excerpt":{"rendered":"<p>R\u00e9servation Pour r\u00e9server, contactez-nous!<\/p>\n","protected":false},"author":1,"featured_media":0,"parent":0,"menu_order":0,"comment_status":"closed","ping_status":"closed","template":"","meta":[],"_links":{"self":[{"href":"https:\/\/www.casacoquelicot.eu\/index.php\/wp-json\/wp\/v2\/pages\/13"}],"collection":[{"href":"https:\/\/www.casacoquelicot.eu\/index.php\/wp-json\/wp\/v2\/pages"}],"about":[{"href":"https:\/\/www.casacoquelicot.eu\/index.php\/wp-json\/wp\/v2\/types\/page"}],"author":[{"embeddable":true,"href":"https:\/\/www.casacoquelicot.eu\/index.php\/wp-json\/wp\/v2\/users\/1"}],"replies":[{"embeddable":true,"href":"https:\/\/www.casacoquelicot.eu\/index.php\/wp-json\/wp\/v2\/comments?post=13"}],"version-history":[{"count":20,"href":"https:\/\/www.casacoquelicot.eu\/index.php\/wp-json\/wp\/v2\/pages\/13\/revisions"}],"predecessor-version":[{"id":837,"href":"https:\/\/www.casacoquelicot.eu\/index.php\/wp-json\/wp\/v2\/pages\/13\/revisions\/837"}],"wp:attachment":[{"href":"https:\/\/www.casacoquelicot.eu\/index.php\/wp-json\/wp\/v2\/media?parent=13"}],"curies":[{"name":"wp","href":"https:\/\/api.w.org\/{rel}","templated":true}]}}